{"id":12,"date":"2018-10-15T12:26:33","date_gmt":"2018-10-15T15:26:33","guid":{"rendered":"http:\/\/graficasaoluiz.com.br\/portal\/?page_id=12"},"modified":"2020-10-16T00:59:39","modified_gmt":"2020-10-16T03:59:39","slug":"empresa","status":"publish","type":"page","link":"https:\/\/graficasaoluiz.com.br\/portal\/empresa\/","title":{"rendered":"EMPRESA"},"content":{"rendered":"[vc_row type=&#8221;full_width_background&#8221; full_screen_row_position=&#8221;middle&#8221; scene_position=&#8221;center&#8221; text_color=&#8221;dark&#8221; text_align=&#8221;left&#8221; top_padding=&#8221;90&#8243; bottom_padding=&#8221;90&#8243; overlay_strength=&#8221;0.3&#8243; enable_shape_divider=&#8221;true&#8221; shape_divider_color=&#8221;#232ab2&#8243; shape_divider_position=&#8221;both&#8221; shape_divider_height=&#8221;90&#8243; shape_type=&#8221;mountains&#8221;][vc_column column_padding=&#8221;no-extra-padding&#8221; column_padding_position=&#8221;all&#8221; background_color_opacity=&#8221;1&#8243; background_hover_color_opacity=&#8221;1&#8243; column_shadow=&#8221;none&#8221; column_border_radius=&#8221;none&#8221; width=&#8221;1\/1&#8243; tablet_text_alignment=&#8221;default&#8221; phone_text_alignment=&#8221;default&#8221; column_border_width=&#8221;none&#8221; column_border_style=&#8221;solid&#8221;][vc_column_text]<span style=\"font-size: 14pt;\">Fundada em 05 de Maio de 1992, a Gr\u00e1fica S\u00e3o Luiz come\u00e7ou seus trabalhos com humildade e simplicidade, adentrou-se no mercado gr\u00e1fico com uma impressora manual \u201cConsani\u201d, ainda na \u00e9poca da tipografia. <\/span><span style=\"font-size: 14pt;\">Aos poucos a empresa foi conquistando mais clientes e fidelizando seu p\u00fablico. <\/span><\/p>\n<p><span style=\"font-size: 14pt;\">Em 1998 foi adquirida a primeira impressora offset, a partir de ent\u00e3o foi introduzido o novo sistema de impress\u00e3o, com isso <\/span><span style=\"font-size: 14pt;\">investindo cada vez mais em equipamentos, aperfei\u00e7oando os procedimentos e sempre buscando a excel\u00eancia e qualidade nos impressos.<\/span><\/p>\n<p><span style=\"font-size: 14pt;\">Hoje a empresa conta com 2 impressoras offset, sendo uma Heidelberg GTO 46 Mono e uma Heidelberg GTO 52 4 cores, ambas com sistema de <\/span><span style=\"font-size: 14pt;\">numera\u00e7\u00e3o autom\u00e1tico. <\/span><span style=\"font-size: 14pt;\">Na parte do acabamento possui Guilhotina autom\u00e1tica, Dobradeira, Serrilhadeira, Grampeadeira, Furadeira, M\u00e1quina de Ilh\u00f3s, Picotadeira, Laminadora, Plastificadora, M\u00e1quina de Encaderna\u00e7\u00e3o, entre outros.<\/span><\/p>\n<p><span style=\"font-size: 14pt;\">Atualmente a equipe conta com 7 colaboradores unindo suas for\u00e7as para melhor atender os clientes.<\/span>[\/vc_column_text][\/vc_column][\/vc_row]\n","protected":false},"excerpt":{"rendered":"<p>[vc_row type=&#8221;full_width_background&#8221; full_screen_row_position=&#8221;middle&#8221; scene_position=&#8221;center&#8221; text_color=&#8221;dark&#8221; text_align=&#8221;left&#8221; top_padding=&#8221;90&#8243; bottom_padding=&#8221;90&#8243; overlay_strength=&#8221;0.3&#8243; enable_shape_divider=&#8221;true&#8221; shape_divider_color=&#8221;#232ab2&#8243; shape_divider_position=&#8221;both&#8221; shape_divider_height=&#8221;90&#8243; shape_type=&#8221;mountains&#8221;][vc_column column_padding=&#8221;no-extra-padding&#8221; column_padding_position=&#8221;all&#8221; background_color_opacity=&#8221;1&#8243; background_hover_color_opacity=&#8221;1&#8243; column_shadow=&#8221;none&#8221; column_border_radius=&#8221;none&#8221; width=&#8221;1\/1&#8243; tablet_text_alignment=&#8221;default&#8221; phone_text_alignment=&#8221;default&#8221; column_border_width=&#8221;none&#8221; column_border_style=&#8221;solid&#8221;][vc_column_text]Fundada em 05 de Maio de&#8230;<\/p>\n","protected":false},"author":1,"featured_media":0,"parent":0,"menu_order":0,"comment_status":"closed","ping_status":"closed","template":"","meta":[],"_links":{"self":[{"href":"https:\/\/graficasaoluiz.com.br\/portal\/wp-json\/wp\/v2\/pages\/12"}],"collection":[{"href":"https:\/\/graficasaoluiz.com.br\/portal\/wp-json\/wp\/v2\/pages"}],"about":[{"href":"https:\/\/graficasaoluiz.com.br\/portal\/wp-json\/wp\/v2\/types\/page"}],"author":[{"embeddable":true,"href":"https:\/\/graficasaoluiz.com.br\/portal\/wp-json\/wp\/v2\/users\/1"}],"replies":[{"embeddable":true,"href":"https:\/\/graficasaoluiz.com.br\/portal\/wp-json\/wp\/v2\/comments?post=12"}],"version-history":[{"count":8,"href":"https:\/\/graficasaoluiz.com.br\/portal\/wp-json\/wp\/v2\/pages\/12\/revisions"}],"predecessor-version":[{"id":81,"href":"https:\/\/graficasaoluiz.com.br\/portal\/wp-json\/wp\/v2\/pages\/12\/revisions\/81"}],"wp:attachment":[{"href":"https:\/\/graficasaoluiz.com.br\/portal\/wp-json\/wp\/v2\/media?parent=12"}],"curies":[{"name":"wp","href":"https:\/\/api.w.org\/{rel}","templated":true}]}}